{"id":5,"date":"2022-05-13T17:25:35","date_gmt":"2022-05-13T15:25:35","guid":{"rendered":"https:\/\/soliref56.fr\/damgan\/site\/?page_id=5"},"modified":"2023-03-12T11:28:16","modified_gmt":"2023-03-12T10:28:16","slug":"a-propos","status":"publish","type":"page","link":"https:\/\/soliref56.fr\/damgan\/site\/","title":{"rendered":""},"content":{"rendered":"\n<p class=\"has-text-align-right\">\ud83d\udea8 Urgence : <a href=\"https:\/\/soliref56.fr\/damgan\/site\/index.php\/2022\/10\/20\/urgent-cherche-logement-famille-4-personnes\/\">recherche logement famille 5 ukrainiennes<\/a><\/p>\n\n\n\n<p>Bienvenue sur le site de Soliref Damgan, association damganaise d&rsquo;aide aux r\u00e9fugi\u00e9s.<br>Les besoins sont nombreux : h\u00e9bergement, dons, ravitaillement, d\u00e9placements, activit\u00e9 sociale\u2026<br>Tout le monde peut aider dans la mesure de ses moyens et sans engagement.<\/p>\n\n\n\n<div class=\"wp-block-buttons is-content-justification-right is-layout-flex wp-container-core-buttons-is-layout-d445cf74 wp-block-buttons-is-layout-flex\">\n<div class=\"wp-block-button\"><a class=\"wp-block-button__link wp-element-button\" href=\"https:\/\/soliref56.fr\/damgan\/gestionsoliref\/gestassophp_sa\/index.php\">Espace adh\u00e9rents<\/a><\/div>\n<\/div>\n\n\n\n<p><\/p>\n\n\n\n<p class=\"has-text-align-right\">Nos informations de <a href=\"#contact\">contact<\/a> sont en bas de page.<\/p>\n\n\n\n<p><strong>Soutenir<\/strong> : <a href=\"#don\">Faire un don<\/a> \u2022 <a href=\"#aider\">Aider<\/a> <br><strong>Adh\u00e9rer<\/strong> : <a href=\"#statuts\">Nos statuts<\/a> \u2022 <a href=\"#adhesion\">Adh\u00e9sion<\/a><br><strong>S&rsquo;informer<\/strong> : <a href=\"#apropos\">Qui sommes nous?<\/a> \u2022 <a href=\"#situation\">Quelle est la situation \u00e0 Damgan?<\/a> \u2022 <a href=\"#rencontres\">Rencontrer les r\u00e9fugi\u00e9s<\/a><\/p>\n\n\n\n<figure class=\"wp-block-image aligncenter size-full is-resized is-style-rounded\"><img loading=\"lazy\" decoding=\"async\" src=\"https:\/\/soliref56.fr\/damgan\/site\/wp-content\/uploads\/2023\/02\/image-e1676540044633.png\" alt=\"\" class=\"wp-image-126\" width=\"178\" height=\"155\"\/><\/figure>\n\n\n\n<h3 class=\"wp-block-heading\" id=\"don\">Faire un don <\/h3>\n\n\n\n<p>Vous pouvez faire un don <a href=\"https:\/\/www.helloasso.com\/associations\/soliref-damgan\/formulaires\/1\">en ligne sur notre page HelloAsso<\/a>, ou <a href=\"#contact\">nous contacter<\/a> pour un don direct.<\/p>\n\n\n\n<h3 class=\"wp-block-heading\" id=\"aider\">Aider<\/h3>\n\n\n\n<p>Les besoins sont tr\u00e8s divers et chacun peut proposer d&rsquo;aider au cas par cas. Nous avons un groupe de discussion sur <a href=\"https:\/\/www.signal.org\/fr\/download\/\">l&rsquo;application Signal<\/a> o\u00f9 nous faisons part des besoins.<\/p>\n\n\n\n<p>Cela peut \u00eatre pour des v\u00eatements, de la nourriture, de l&rsquo;aide administrative, des cours de fran\u00e7ais, du temps de conversation, etc.<\/p>\n\n\n\n<p>Vous pouvez rejoindre ce groupe de discussion sans \u00eatre adh\u00e9rent, cela vous permet de voir les annonces, les besoins, et d&rsquo;\u00e9changer avec nous. Pour rejoindre cette discussion, merci de <a href=\"#contact\">nous contacter<\/a>. <\/p>\n\n\n\n<h3 class=\"wp-block-heading\" id=\"statuts\">Nos statuts<\/h3>\n\n\n\n<p>Vous pouvez consulter nos statuts en <a href=\"https:\/\/soliref56.fr\/damgan\/site\/wp-content\/uploads\/2023\/02\/statuts-signatures.pdf\">cliquant sur ce lien (PDF)<\/a>.<\/p>\n\n\n\n<h6 class=\"wp-block-heading\">Membres du bureau <\/h6>\n\n\n\n<ul class=\"wp-block-list\">\n<li>J\u00e9r\u00f4me Choain : le Pr\u00e9sident<\/li>\n\n\n\n<li>Claire Douchet : la Tr\u00e9sori\u00e8re<\/li>\n\n\n\n<li>H\u00e9l\u00e8ne Baudry-Lamy : membre du Bureau<\/li>\n\n\n\n<li>Pascal Lamy : membre du Bureau<\/li>\n\n\n\n<li>Aur\u00e9lie Bourdon : membre du Bureau<\/li>\n\n\n\n<li>Laure Choain : membre du Bureau<\/li>\n\n\n\n<li>Pierre Bleiberg : membre du Bureau<\/li>\n\n\n\n<li>Ir\u00e8ne Kaplan : membre du Bureau<\/li>\n\n\n\n<li>Pierre Kaplan : membre du Bureau<\/li>\n<\/ul>\n\n\n\n<h3 class=\"wp-block-heading\" id=\"adhesion\">Adh\u00e9sion<\/h3>\n\n\n\n<p>Vous pouvez adh\u00e9rer pour soutenir, suivre notre actualit\u00e9, ou vous impliquer dans le groupe des membres \u00ab\u00a0actifs\u00a0\u00bb. Cette association se veut d\u00e9mocratique et sans chef.<\/p>\n\n\n\n<p>Vous pouvez <a href=\"https:\/\/www.helloasso.com\/associations\/soliref-damgan\/adhesions\/adhesion-soliref-damgan\">adh\u00e9rer en ligne sur notre page HelloAsso<\/a>.<\/p>\n\n\n\n<h3 class=\"wp-block-heading\" id=\"apropos\">Qui sommes nous ? <\/h3>\n\n\n\n<p><strong>Soliref Damgan<\/strong> est une association loi 1901, <a href=\"https:\/\/www.journal-officiel.gouv.fr\/pages\/associations-detail-annonce\/?q.id=id:202200450680\">cr\u00e9\u00e9e en novembre 2022<\/a>, qui a pour but d&rsquo;aider les r\u00e9fugi\u00e9s en situation de pr\u00e9carit\u00e9 \u00e0 Damgan. Nous sommes une association ind\u00e9pendante, qui n&rsquo;est affili\u00e9e \u00e0 aucune autre association.<\/p>\n\n\n\n<p>Plusieurs familles sont arriv\u00e9es sur Damgan et La Roche Bernard, nous essayons d\u2019aider selon les disponibilit\u00e9s de chacun : logement, ravitaillement, d\u00e9placement, cours de fran\u00e7ais, administratif, \u2026<\/p>\n\n\n\n<h3 class=\"wp-block-heading\" id=\"situation\">Quelle est la situation \u00e0 Damgan<\/h3>\n\n\n\n<p>Derni\u00e8re mise \u00e0 jour : le 15 f\u00e9vrier 2023<\/p>\n\n\n\n<p>Il y a actuellement \u00e0 notre connaissance 11 r\u00e9fugi\u00e9s ukrainiens \u00e0 Damgan. Il est difficile de communiquer sur les personnes afin de respecter leur vie priv\u00e9e. On peut toutefois dire qu&rsquo;il y a :<\/p>\n\n\n\n<ul class=\"wp-block-list\">\n<li>\ud83d\udc69\ud83d\udc75\ud83d\udc69\ud83d\udc67\ud83d\udc75 une famille avec une enfant scolaris\u00e9e \u00e0 Damgan et deux personnes \u00e2g\u00e9es. \ud83d\udea8 <a href=\"https:\/\/soliref56.fr\/damgan\/site\/index.php\/2022\/10\/20\/urgent-cherche-logement-famille-4-personnes\/\">Nous cherchons un <strong>logement<\/strong> pour cette famille de 5<\/a>.<\/li>\n\n\n\n<li>\ud83d\udc69\ud83d\udc75\ud83d\udc66 une famille de 3 avec un enfant scolaris\u00e9 \u00e0 Damgan, sa maman et sa grand m\u00e8re.<\/li>\n\n\n\n<li>\ud83d\udc69\ud83d\udc66 une famille de 2, un lyc\u00e9en scolaris\u00e9 \u00e0 Questembert et sa maman.<\/li>\n\n\n\n<li>\ud83d\udc69 Une femme seule qui devrait bient\u00f4t \u00eatre h\u00e9berg\u00e9e chez l&rsquo;habitant sur Muzillac<\/li>\n<\/ul>\n\n\n\n<p>Plusieurs de ces personnes travaillent en tant que saisonniers.<\/p>\n\n\n\n<h3 class=\"wp-block-heading\" id=\"rencontres\">Rencontrer les r\u00e9fugi\u00e9s<\/h3>\n\n\n\n<p>Nous organisons r\u00e9guli\u00e8rement des rencontres avec les familles dans une salle communale. C&rsquo;est l&rsquo;occasion de faire un point, de se rencontrer, de partager un moment convivial.<\/p>\n\n\n\n<p>Ces rencontres ont lieu 2 fois par mois, en g\u00e9n\u00e9ral \u00e0 la salle Castel Dour:<\/p>\n\n\n\n<ul class=\"wp-block-list\">\n<li>Le 1er mardi du mois \u00e0 18h<\/li>\n\n\n\n<li>Le 3\u00e8me dimanche du mois \u00e0 11h<\/li>\n<\/ul>\n\n\n\n<p>Pour \u00eatre s\u00fbr de la date et de l&rsquo;endroit, voir <a href=\"https:\/\/mobilizon.defis.info\/@soliref_damgan\/events\">notre agenda de r\u00e9unions publiques<\/a>.<\/p>\n\n\n\n<h3 class=\"wp-block-heading\" id=\"contact\">Contact<\/h3>\n\n\n\n<p class=\"has-text-align-center\"><strong>Soliref Damgan<\/strong><br>18, rue de R\u00e9cifs<br>56750 Damgan<\/p>\n\n\n\n<p class=\"has-text-align-center\">\u2709\ufe0f contact@soliref56.fr \u2013 \ud83d\udcde 06 60 29 20 89<\/p>\n\n\n\n<p>Notre site : <a href=\"https:\/\/Soliref56.fr\/damgan\">https:\/\/soliref56.fr\/damgan<\/a><\/p>\n\n\n\n<p>Compte twitter : <a href=\"https:\/\/twitter.com\/SolirefDamgan\">https:\/\/twitter.com\/SolirefDamgan<\/a><\/p>\n\n\n\n<p>Page facebook : <a href=\"https:\/\/facebook.com\/SolirefDamgan\">https:\/\/facebook.com\/SolirefDamgan<\/a><\/p>\n\n\n\n<p><\/p>\n","protected":false},"excerpt":{"rendered":"<p>\ud83d\udea8 Urgence : recherche logement famille 5 ukrainiennes Bienvenue sur le site de Soliref Damgan, association damganaise d&rsquo;aide aux r\u00e9fugi\u00e9s.Les besoins sont nombreux : h\u00e9bergement, dons, ravitaillement, d\u00e9placements, activit\u00e9 sociale\u2026Tout le monde peut aider dans la mesure de ses moyens et sans engagement. Nos informations de contact sont en bas de page. Soutenir : Faire &hellip;<\/p>\n<p class=\"read-more\"> <a class=\"\" href=\"https:\/\/soliref56.fr\/damgan\/site\/\">  Lire la suite\u00a0\u00bb<\/a><\/p>\n","protected":false},"author":1,"featured_media":0,"parent":0,"menu_order":0,"comment_status":"closed","ping_status":"closed","template":"","meta":{"site-sidebar-layout":"default","site-content-layout":"default","ast-global-header-display":"","ast-main-header-display":"","ast-hfb-above-header-display":"","ast-hfb-below-header-display":"","ast-hfb-mobile-header-display":"","site-post-title":"disabled","ast-breadcrumbs-content":"","ast-featured-img":"","footer-sml-layout":"","theme-transparent-header-meta":"","adv-header-id-meta":"","stick-header-meta":"","header-above-stick-meta":"","header-main-stick-meta":"","header-below-stick-meta":"","footnotes":""},"class_list":["post-5","page","type-page","status-publish","hentry"],"yoast_head":"<!-- This site is optimized with the Yoast SEO plugin v20.1 - https:\/\/yoast.com\/wordpress\/plugins\/seo\/ -->\n<title>- Soliref Damgan<\/title>\n<meta name=\"robots\" content=\"index, follow, max-snippet:-1, max-image-preview:large, max-video-preview:-1\" \/>\n<link rel=\"canonical\" href=\"https:\/\/soliref56.fr\/damgan\/site\/\" \/>\n<meta property=\"og:locale\" content=\"fr_FR\" \/>\n<meta property=\"og:type\" content=\"article\" \/>\n<meta property=\"og:title\" content=\"- Soliref Damgan\" \/>\n<meta property=\"og:description\" content=\"\ud83d\udea8 Urgence : recherche logement famille 5 ukrainiennes Bienvenue sur le site de Soliref Damgan, association damganaise d&rsquo;aide aux r\u00e9fugi\u00e9s.Les besoins sont nombreux : h\u00e9bergement, dons, ravitaillement, d\u00e9placements, activit\u00e9 sociale\u2026Tout le monde peut aider dans la mesure de ses moyens et sans engagement. Nos informations de contact sont en bas de page. Soutenir : Faire &hellip;  Lire la suite\u00a0\u00bb\" \/>\n<meta property=\"og:url\" content=\"https:\/\/soliref56.fr\/damgan\/site\/\" \/>\n<meta property=\"og:site_name\" content=\"Soliref Damgan\" \/>\n<meta property=\"article:modified_time\" content=\"2023-03-12T10:28:16+00:00\" \/>\n<meta property=\"og:image\" content=\"https:\/\/soliref56.fr\/damgan\/site\/wp-content\/uploads\/2023\/02\/image-e1676540044633.png\" \/>\n\t<meta property=\"og:image:width\" content=\"250\" \/>\n\t<meta property=\"og:image:height\" content=\"218\" \/>\n\t<meta property=\"og:image:type\" content=\"image\/png\" \/>\n<meta name=\"twitter:card\" content=\"summary_large_image\" \/>\n<meta name=\"twitter:image\" content=\"https:\/\/soliref56.fr\/damgan\/site\/wp-content\/uploads\/2023\/02\/image-e1676540044633.png\" \/>\n<meta name=\"twitter:label1\" content=\"Dur\u00e9e de lecture estim\u00e9e\" \/>\n\t<meta name=\"twitter:data1\" content=\"4 minutes\" \/>\n<script type=\"application\/ld+json\" class=\"yoast-schema-graph\">{\"@context\":\"https:\/\/schema.org\",\"@graph\":[{\"@type\":\"WebPage\",\"@id\":\"https:\/\/soliref56.fr\/damgan\/site\/\",\"url\":\"https:\/\/soliref56.fr\/damgan\/site\/\",\"name\":\"- Soliref Damgan\",\"isPartOf\":{\"@id\":\"https:\/\/soliref56.fr\/damgan\/site\/#website\"},\"datePublished\":\"2022-05-13T15:25:35+00:00\",\"dateModified\":\"2023-03-12T10:28:16+00:00\",\"inLanguage\":\"fr-FR\",\"potentialAction\":[{\"@type\":\"ReadAction\",\"target\":[\"https:\/\/soliref56.fr\/damgan\/site\/\"]}]},{\"@type\":\"WebSite\",\"@id\":\"https:\/\/soliref56.fr\/damgan\/site\/#website\",\"url\":\"https:\/\/soliref56.fr\/damgan\/site\/\",\"name\":\"Soliref Damgan\",\"description\":\"Association de soutien aux r\u00e9fugi\u00e9s\",\"publisher\":{\"@id\":\"https:\/\/soliref56.fr\/damgan\/site\/#organization\"},\"potentialAction\":[{\"@type\":\"SearchAction\",\"target\":{\"@type\":\"EntryPoint\",\"urlTemplate\":\"https:\/\/soliref56.fr\/damgan\/site\/?s={search_term_string}\"},\"query-input\":\"required name=search_term_string\"}],\"inLanguage\":\"fr-FR\"},{\"@type\":\"Organization\",\"@id\":\"https:\/\/soliref56.fr\/damgan\/site\/#organization\",\"name\":\"Soliref Damgan\",\"url\":\"https:\/\/soliref56.fr\/damgan\/site\/\",\"logo\":{\"@type\":\"ImageObject\",\"inLanguage\":\"fr-FR\",\"@id\":\"https:\/\/soliref56.fr\/damgan\/site\/#\/schema\/logo\/image\/\",\"url\":\"https:\/\/soliref56.fr\/damgan\/site\/wp-content\/uploads\/2022\/08\/cropped-g53502.png\",\"contentUrl\":\"https:\/\/soliref56.fr\/damgan\/site\/wp-content\/uploads\/2022\/08\/cropped-g53502.png\",\"width\":512,\"height\":512,\"caption\":\"Soliref Damgan\"},\"image\":{\"@id\":\"https:\/\/soliref56.fr\/damgan\/site\/#\/schema\/logo\/image\/\"}}]}<\/script>\n<!-- \/ Yoast SEO plugin. -->","yoast_head_json":{"title":"- Soliref Damgan","robots":{"index":"index","follow":"follow","max-snippet":"max-snippet:-1","max-image-preview":"max-image-preview:large","max-video-preview":"max-video-preview:-1"},"canonical":"https:\/\/soliref56.fr\/damgan\/site\/","og_locale":"fr_FR","og_type":"article","og_title":"- Soliref Damgan","og_description":"\ud83d\udea8 Urgence : recherche logement famille 5 ukrainiennes Bienvenue sur le site de Soliref Damgan, association damganaise d&rsquo;aide aux r\u00e9fugi\u00e9s.Les besoins sont nombreux : h\u00e9bergement, dons, ravitaillement, d\u00e9placements, activit\u00e9 sociale\u2026Tout le monde peut aider dans la mesure de ses moyens et sans engagement. Nos informations de contact sont en bas de page. Soutenir : Faire &hellip;  Lire la suite\u00a0\u00bb","og_url":"https:\/\/soliref56.fr\/damgan\/site\/","og_site_name":"Soliref Damgan","article_modified_time":"2023-03-12T10:28:16+00:00","og_image":[{"width":250,"height":218,"url":"https:\/\/soliref56.fr\/damgan\/site\/wp-content\/uploads\/2023\/02\/image-e1676540044633.png","type":"image\/png"}],"twitter_card":"summary_large_image","twitter_image":"https:\/\/soliref56.fr\/damgan\/site\/wp-content\/uploads\/2023\/02\/image-e1676540044633.png","twitter_misc":{"Dur\u00e9e de lecture estim\u00e9e":"4 minutes"},"schema":{"@context":"https:\/\/schema.org","@graph":[{"@type":"WebPage","@id":"https:\/\/soliref56.fr\/damgan\/site\/","url":"https:\/\/soliref56.fr\/damgan\/site\/","name":"- Soliref Damgan","isPartOf":{"@id":"https:\/\/soliref56.fr\/damgan\/site\/#website"},"datePublished":"2022-05-13T15:25:35+00:00","dateModified":"2023-03-12T10:28:16+00:00","inLanguage":"fr-FR","potentialAction":[{"@type":"ReadAction","target":["https:\/\/soliref56.fr\/damgan\/site\/"]}]},{"@type":"WebSite","@id":"https:\/\/soliref56.fr\/damgan\/site\/#website","url":"https:\/\/soliref56.fr\/damgan\/site\/","name":"Soliref Damgan","description":"Association de soutien aux r\u00e9fugi\u00e9s","publisher":{"@id":"https:\/\/soliref56.fr\/damgan\/site\/#organization"},"potentialAction":[{"@type":"SearchAction","target":{"@type":"EntryPoint","urlTemplate":"https:\/\/soliref56.fr\/damgan\/site\/?s={search_term_string}"},"query-input":"required name=search_term_string"}],"inLanguage":"fr-FR"},{"@type":"Organization","@id":"https:\/\/soliref56.fr\/damgan\/site\/#organization","name":"Soliref Damgan","url":"https:\/\/soliref56.fr\/damgan\/site\/","logo":{"@type":"ImageObject","inLanguage":"fr-FR","@id":"https:\/\/soliref56.fr\/damgan\/site\/#\/schema\/logo\/image\/","url":"https:\/\/soliref56.fr\/damgan\/site\/wp-content\/uploads\/2022\/08\/cropped-g53502.png","contentUrl":"https:\/\/soliref56.fr\/damgan\/site\/wp-content\/uploads\/2022\/08\/cropped-g53502.png","width":512,"height":512,"caption":"Soliref Damgan"},"image":{"@id":"https:\/\/soliref56.fr\/damgan\/site\/#\/schema\/logo\/image\/"}}]}},"_links":{"self":[{"href":"https:\/\/soliref56.fr\/damgan\/site\/index.php\/wp-json\/wp\/v2\/pages\/5","targetHints":{"allow":["GET"]}}],"collection":[{"href":"https:\/\/soliref56.fr\/damgan\/site\/index.php\/wp-json\/wp\/v2\/pages"}],"about":[{"href":"https:\/\/soliref56.fr\/damgan\/site\/index.php\/wp-json\/wp\/v2\/types\/page"}],"author":[{"embeddable":true,"href":"https:\/\/soliref56.fr\/damgan\/site\/index.php\/wp-json\/wp\/v2\/users\/1"}],"replies":[{"embeddable":true,"href":"https:\/\/soliref56.fr\/damgan\/site\/index.php\/wp-json\/wp\/v2\/comments?post=5"}],"version-history":[{"count":28,"href":"https:\/\/soliref56.fr\/damgan\/site\/index.php\/wp-json\/wp\/v2\/pages\/5\/revisions"}],"predecessor-version":[{"id":152,"href":"https:\/\/soliref56.fr\/damgan\/site\/index.php\/wp-json\/wp\/v2\/pages\/5\/revisions\/152"}],"wp:attachment":[{"href":"https:\/\/soliref56.fr\/damgan\/site\/index.php\/wp-json\/wp\/v2\/media?parent=5"}],"curies":[{"name":"wp","href":"https:\/\/api.w.org\/{rel}","templated":true}]}}