{"id":16,"date":"2015-10-22T15:30:37","date_gmt":"2015-10-22T14:30:37","guid":{"rendered":"http:\/\/soliref56.fr\/blog\/?page_id=16"},"modified":"2015-10-22T16:34:37","modified_gmt":"2015-10-22T15:34:37","slug":"qui-sommes-nous","status":"publish","type":"page","link":"https:\/\/soliref56.fr\/blog\/index.php\/qui-sommes-nous\/","title":{"rendered":"Qui sommes nous?"},"content":{"rendered":"<p>Nous sommes un collectif citoyen ind\u00e9pendant d\u00e9sireux de partager nos\u00a0exp\u00e9riences et nos\u00a0connaissances autour du sujet de l&rsquo;accueil des r\u00e9fugi\u00e9s.<\/p>\n<p>Ce blog fait partie des outils de <a href=\"http:\/\/www.soliref56.fr\">la plateforme SoliRef56<\/a> au service des\u00a0citoyens et des associations.<\/p>\n<p>Ce collectif est n\u00e9 suite aux rassemblements solidaires qui ont eu lieu \u00e0 Vannes d\u00e9but septembre 2015.<\/p>\n<p>Nous cherchons des gens suceptibles de nous informer de ce qu&rsquo;il se passe\u00a0dans les diff\u00e9rentes communes du Morbihan, n&rsquo;h\u00e9sitez pas \u00e0 nous contacter si vous avez des informations \u00e0 faire passer.<\/p>\n<p>Contact: <a href=\"mailto:contact@soliref56.fr\">contact@soliref56.fr<\/a> , <a href=\"https:\/\/twitter.com\/SoliRef56\">@Soliref56<\/a>, <a href=\"https:\/\/www.facebook.com\/soliref56\">page facebook<\/a><\/p>\n<p>&nbsp;<\/p>\n<p>&nbsp;<\/p>\n","protected":false},"excerpt":{"rendered":"<p>Nous sommes un collectif citoyen ind\u00e9pendant d\u00e9sireux de partager nos\u00a0exp\u00e9riences et nos\u00a0connaissances autour du sujet de l&rsquo;accueil des r\u00e9fugi\u00e9s. Ce blog fait partie des outils de la plateforme SoliRef56 au service des\u00a0citoyens et des associations. Ce collectif est n\u00e9 suite aux rassemblements solidaires qui ont eu lieu \u00e0 Vannes d\u00e9but septembre 2015. Nous cherchons des &hellip; <a href=\"https:\/\/soliref56.fr\/blog\/index.php\/qui-sommes-nous\/\" class=\"more-link\">Continuer la lecture de <span class=\"screen-reader-text\">Qui sommes nous?<\/span><\/a><\/p>\n","protected":false},"author":2,"featured_media":0,"parent":0,"menu_order":0,"comment_status":"closed","ping_status":"closed","template":"","meta":{"jetpack_post_was_ever_published":false},"jetpack_sharing_enabled":true,"jetpack_shortlink":"https:\/\/wp.me\/P6Sans-g","jetpack-related-posts":[],"_links":{"self":[{"href":"https:\/\/soliref56.fr\/blog\/index.php\/wp-json\/wp\/v2\/pages\/16"}],"collection":[{"href":"https:\/\/soliref56.fr\/blog\/index.php\/wp-json\/wp\/v2\/pages"}],"about":[{"href":"https:\/\/soliref56.fr\/blog\/index.php\/wp-json\/wp\/v2\/types\/page"}],"author":[{"embeddable":true,"href":"https:\/\/soliref56.fr\/blog\/index.php\/wp-json\/wp\/v2\/users\/2"}],"replies":[{"embeddable":true,"href":"https:\/\/soliref56.fr\/blog\/index.php\/wp-json\/wp\/v2\/comments?post=16"}],"version-history":[{"count":3,"href":"https:\/\/soliref56.fr\/blog\/index.php\/wp-json\/wp\/v2\/pages\/16\/revisions"}],"predecessor-version":[{"id":20,"href":"https:\/\/soliref56.fr\/blog\/index.php\/wp-json\/wp\/v2\/pages\/16\/revisions\/20"}],"wp:attachment":[{"href":"https:\/\/soliref56.fr\/blog\/index.php\/wp-json\/wp\/v2\/media?parent=16"}],"curies":[{"name":"wp","href":"https:\/\/api.w.org\/{rel}","templated":true}]}}